{"id":2937,"date":"2025-01-29T22:15:00","date_gmt":"2025-01-29T22:15:00","guid":{"rendered":"https:\/\/pawme.mx\/?post_type=product&#038;p=2937"},"modified":"2025-01-29T22:18:57","modified_gmt":"2025-01-29T22:18:57","slug":"nupec-adulto-15-kilos-sus","status":"publish","type":"product","link":"https:\/\/pawme.mx\/es\/producto\/nupec-adulto-15-kilos-sus\/","title":{"rendered":"Nupec Adulto 15 kilos sus"},"content":{"rendered":"<p>En NUPEC\u00a0estamos conscientes de que un canino en etapa adulta necesita un aporte de nutrientes \u00f3ptimo para conservar su masa muscular, vitalidad y un pelaje sano. Por ello dise\u00f1amos un alimento con la selecci\u00f3n de vitaminas, minerales y aporte de prote\u00edna adecuados para reforzar su sistema inmune y, asegurar una condici\u00f3n f\u00edsica fuerte y saludable.<\/p>\n<div class=\"col-md-6 col-12\">\n<h4><strong>ALTA DIGESTIBILIDAD<\/strong><\/h4>\n<p>Balance nutricional entre prote\u00ednas, grasas, carbohidratos, vitaminas y minerales, ingredientes de la m\u00e1s alta calidad y procesos de alta tecnolog\u00eda que garantizan un m\u00e1ximo aprovechamiento nutricional.<\/p>\n<\/div>\n<div class=\"col-md-6 col-12\">\n<h4><strong>CON ZINC<\/strong><\/h4>\n<p>Fundamental para la s\u00edntesis de las prote\u00ednas y \u00e1cidos nucleicos, claves en la inmunidad del canino.<\/p>\n<\/div>\n<div class=\"col-md-6 col-12\">\n<h4><strong>ALTA PALATABILIDAD DESARROLLADA POR EXPERTOS<\/strong><\/h4>\n<p>Sabor, aroma y textura \u00fanicos para NUPEC<label class=\"mr\">MR<\/label>.<br \/>\nInyecci\u00f3n del palatante al alto vac\u00edo, asegurando un sabor \u00fanico e irresistible desde adentro de la croqueta hacia afuera.<\/p>\n<\/div>\n<div class=\"col-md-6 col-12\">\n<h4><strong>CONSERVADORES NATURALES<\/strong><\/h4>\n<p>Mezcla de romero y tocoferoles que garantizan la frescura en cada croqueta, gracias a sus propiedades antioxidantes que protegen al alimento de la oxidaci\u00f3n.<\/p>\n<\/div>\n<div class=\"col-md-6 col-12\">\n<h4><strong>FUENTE DE PROTE\u00cdNA DE ALTA CALIDAD<\/strong><\/h4>\n<p>Tecnolog\u00eda de punta que permite la inclusi\u00f3n de carne fresca directamente en el proceso de extrusi\u00f3n.<br \/>\nMas del 90% de digestibilidad de la prote\u00edna.<\/p>\n<h4><strong>VITAMINAS A, B, C Y E<\/strong><\/h4>\n<p>Brindan una piel saludable y un pelaje hermoso.<\/p>\n<\/div>\n<h3><strong>BENEFICIOS<\/strong><\/h3>\n<div class=\"row\">\n<div class=\"col-md\">\n<div class=\"row\">\n<div class=\"col-8\">Omega 3 y 6 para la protecci\u00f3n de la piel y el pelaje.<\/div>\n<\/div>\n<\/div>\n<div class=\"col-md\">\n<div class=\"row\">\n<div class=\"col-4\"><\/div>\n<div class=\"col-8\">Extracto de ra\u00edz de achicoria como prebi\u00f3tico para una excelente digesti\u00f3n.<\/div>\n<\/div>\n<\/div>\n<div class=\"col-md\">\n<div class=\"row\">\n<div class=\"col-4\"><\/div>\n<div class=\"col-8\">Balance de amino\u00e1cidos para una condici\u00f3n \u00f3ptima.<\/div>\n<\/div>\n<\/div>\n<\/div>","protected":false},"excerpt":{"rendered":"<p>Alimento Nupec Adulto de 15 kilogramos.<\/p>","protected":false},"featured_media":2833,"comment_status":"open","ping_status":"closed","template":"","meta":[],"product_brand":[],"product_cat":[19],"product_tag":[],"class_list":{"0":"post-2937","1":"product","2":"type-product","3":"status-publish","4":"has-post-thumbnail","6":"product_cat-alimento","8":"first","9":"instock","10":"sale","11":"shipping-taxable","12":"purchasable","13":"product-type-subscription"},"yoast_head":"<!-- This site is optimized with the Yoast SEO plugin v27.4 - https:\/\/yoast.com\/product\/yoast-seo-wordpress\/ -->\n<title>Nupec Adulto 15 kilos sus - PawMe<\/title>\n<meta name=\"robots\" content=\"index, follow, max-snippet:-1, max-image-preview:large, max-video-preview:-1\" \/>\n<link rel=\"canonical\" href=\"https:\/\/pawme.mx\/es\/producto\/nupec-adulto-15-kilos-sus\/\" \/>\n<meta property=\"og:locale\" content=\"es_ES\" \/>\n<meta property=\"og:type\" content=\"article\" \/>\n<meta property=\"og:title\" content=\"Nupec Adulto 15 kilos sus - PawMe\" \/>\n<meta property=\"og:description\" content=\"Alimento Nupec Adulto de 15 kilogramos.\" \/>\n<meta property=\"og:url\" content=\"https:\/\/pawme.mx\/es\/producto\/nupec-adulto-15-kilos-sus\/\" \/>\n<meta property=\"og:site_name\" content=\"PawMe\" \/>\n<meta property=\"article:modified_time\" content=\"2025-01-29T22:18:57+00:00\" \/>\n<meta property=\"og:image\" content=\"https:\/\/pawme.mx\/wp-content\/uploads\/sites\/104\/2020\/04\/npc-empaque-adulto.png\" \/>\n\t<meta property=\"og:image:width\" content=\"760\" \/>\n\t<meta property=\"og:image:height\" content=\"1290\" \/>\n\t<meta property=\"og:image:type\" content=\"image\/png\" \/>\n<meta name=\"twitter:card\" content=\"summary_large_image\" \/>\n<meta name=\"twitter:label1\" content=\"Tiempo de lectura\" \/>\n\t<meta name=\"twitter:data1\" content=\"2 minutos\" \/>\n<script type=\"application\/ld+json\" class=\"yoast-schema-graph\">{\"@context\":\"https:\\\/\\\/schema.org\",\"@graph\":[{\"@type\":\"WebPage\",\"@id\":\"https:\\\/\\\/pawme.mx\\\/product\\\/nupec-adulto-15-kilos-sus\\\/\",\"url\":\"https:\\\/\\\/pawme.mx\\\/product\\\/nupec-adulto-15-kilos-sus\\\/\",\"name\":\"Nupec Adulto 15 kilos sus - PawMe\",\"isPartOf\":{\"@id\":\"https:\\\/\\\/pawme.mx\\\/#website\"},\"primaryImageOfPage\":{\"@id\":\"https:\\\/\\\/pawme.mx\\\/product\\\/nupec-adulto-15-kilos-sus\\\/#primaryimage\"},\"image\":{\"@id\":\"https:\\\/\\\/pawme.mx\\\/product\\\/nupec-adulto-15-kilos-sus\\\/#primaryimage\"},\"thumbnailUrl\":\"https:\\\/\\\/pawme.mx\\\/wp-content\\\/uploads\\\/sites\\\/104\\\/2020\\\/04\\\/npc-empaque-adulto.png\",\"datePublished\":\"2025-01-29T22:15:00+00:00\",\"dateModified\":\"2025-01-29T22:18:57+00:00\",\"breadcrumb\":{\"@id\":\"https:\\\/\\\/pawme.mx\\\/product\\\/nupec-adulto-15-kilos-sus\\\/#breadcrumb\"},\"inLanguage\":\"es\",\"potentialAction\":[{\"@type\":\"ReadAction\",\"target\":[\"https:\\\/\\\/pawme.mx\\\/product\\\/nupec-adulto-15-kilos-sus\\\/\"]}]},{\"@type\":\"ImageObject\",\"inLanguage\":\"es\",\"@id\":\"https:\\\/\\\/pawme.mx\\\/product\\\/nupec-adulto-15-kilos-sus\\\/#primaryimage\",\"url\":\"https:\\\/\\\/pawme.mx\\\/wp-content\\\/uploads\\\/sites\\\/104\\\/2020\\\/04\\\/npc-empaque-adulto.png\",\"contentUrl\":\"https:\\\/\\\/pawme.mx\\\/wp-content\\\/uploads\\\/sites\\\/104\\\/2020\\\/04\\\/npc-empaque-adulto.png\",\"width\":760,\"height\":1290},{\"@type\":\"BreadcrumbList\",\"@id\":\"https:\\\/\\\/pawme.mx\\\/product\\\/nupec-adulto-15-kilos-sus\\\/#breadcrumb\",\"itemListElement\":[{\"@type\":\"ListItem\",\"position\":1,\"name\":\"Home\",\"item\":\"https:\\\/\\\/pawme.mx\\\/\"},{\"@type\":\"ListItem\",\"position\":2,\"name\":\"Tienda\",\"item\":\"https:\\\/\\\/pawme.mx\\\/tienda\\\/\"},{\"@type\":\"ListItem\",\"position\":3,\"name\":\"Nupec Adulto 15 kilos sus\"}]},{\"@type\":\"WebSite\",\"@id\":\"https:\\\/\\\/pawme.mx\\\/#website\",\"url\":\"https:\\\/\\\/pawme.mx\\\/\",\"name\":\"PawMe\",\"description\":\"Simplificando el cuidado de las mascotas\",\"potentialAction\":[{\"@type\":\"SearchAction\",\"target\":{\"@type\":\"EntryPoint\",\"urlTemplate\":\"https:\\\/\\\/pawme.mx\\\/?s={search_term_string}\"},\"query-input\":{\"@type\":\"PropertyValueSpecification\",\"valueRequired\":true,\"valueName\":\"search_term_string\"}}],\"inLanguage\":\"es\"}]}<\/script>\n<!-- \/ Yoast SEO plugin. -->","yoast_head_json":{"title":"Nupec Adulto 15 kilos sus - PawMe","robots":{"index":"index","follow":"follow","max-snippet":"max-snippet:-1","max-image-preview":"max-image-preview:large","max-video-preview":"max-video-preview:-1"},"canonical":"https:\/\/pawme.mx\/es\/producto\/nupec-adulto-15-kilos-sus\/","og_locale":"es_ES","og_type":"article","og_title":"Nupec Adulto 15 kilos sus - PawMe","og_description":"Alimento Nupec Adulto de 15 kilogramos.","og_url":"https:\/\/pawme.mx\/es\/producto\/nupec-adulto-15-kilos-sus\/","og_site_name":"PawMe","article_modified_time":"2025-01-29T22:18:57+00:00","og_image":[{"width":760,"height":1290,"url":"https:\/\/pawme.mx\/wp-content\/uploads\/sites\/104\/2020\/04\/npc-empaque-adulto.png","type":"image\/png"}],"twitter_card":"summary_large_image","twitter_misc":{"Tiempo de lectura":"2 minutos"},"schema":{"@context":"https:\/\/schema.org","@graph":[{"@type":"WebPage","@id":"https:\/\/pawme.mx\/product\/nupec-adulto-15-kilos-sus\/","url":"https:\/\/pawme.mx\/product\/nupec-adulto-15-kilos-sus\/","name":"Nupec Adulto 15 kilos sus - PawMe","isPartOf":{"@id":"https:\/\/pawme.mx\/#website"},"primaryImageOfPage":{"@id":"https:\/\/pawme.mx\/product\/nupec-adulto-15-kilos-sus\/#primaryimage"},"image":{"@id":"https:\/\/pawme.mx\/product\/nupec-adulto-15-kilos-sus\/#primaryimage"},"thumbnailUrl":"https:\/\/pawme.mx\/wp-content\/uploads\/sites\/104\/2020\/04\/npc-empaque-adulto.png","datePublished":"2025-01-29T22:15:00+00:00","dateModified":"2025-01-29T22:18:57+00:00","breadcrumb":{"@id":"https:\/\/pawme.mx\/product\/nupec-adulto-15-kilos-sus\/#breadcrumb"},"inLanguage":"es","potentialAction":[{"@type":"ReadAction","target":["https:\/\/pawme.mx\/product\/nupec-adulto-15-kilos-sus\/"]}]},{"@type":"ImageObject","inLanguage":"es","@id":"https:\/\/pawme.mx\/product\/nupec-adulto-15-kilos-sus\/#primaryimage","url":"https:\/\/pawme.mx\/wp-content\/uploads\/sites\/104\/2020\/04\/npc-empaque-adulto.png","contentUrl":"https:\/\/pawme.mx\/wp-content\/uploads\/sites\/104\/2020\/04\/npc-empaque-adulto.png","width":760,"height":1290},{"@type":"BreadcrumbList","@id":"https:\/\/pawme.mx\/product\/nupec-adulto-15-kilos-sus\/#breadcrumb","itemListElement":[{"@type":"ListItem","position":1,"name":"Home","item":"https:\/\/pawme.mx\/"},{"@type":"ListItem","position":2,"name":"Tienda","item":"https:\/\/pawme.mx\/tienda\/"},{"@type":"ListItem","position":3,"name":"Nupec Adulto 15 kilos sus"}]},{"@type":"WebSite","@id":"https:\/\/pawme.mx\/#website","url":"https:\/\/pawme.mx\/","name":"PawMe","description":"Simplificando el cuidado de las mascotas","potentialAction":[{"@type":"SearchAction","target":{"@type":"EntryPoint","urlTemplate":"https:\/\/pawme.mx\/?s={search_term_string}"},"query-input":{"@type":"PropertyValueSpecification","valueRequired":true,"valueName":"search_term_string"}}],"inLanguage":"es"}]}},"_links":{"self":[{"href":"https:\/\/pawme.mx\/es\/wp-json\/wp\/v2\/product\/2937","targetHints":{"allow":["GET"]}}],"collection":[{"href":"https:\/\/pawme.mx\/es\/wp-json\/wp\/v2\/product"}],"about":[{"href":"https:\/\/pawme.mx\/es\/wp-json\/wp\/v2\/types\/product"}],"replies":[{"embeddable":true,"href":"https:\/\/pawme.mx\/es\/wp-json\/wp\/v2\/comments?post=2937"}],"wp:featuredmedia":[{"embeddable":true,"href":"https:\/\/pawme.mx\/es\/wp-json\/wp\/v2\/media\/2833"}],"wp:attachment":[{"href":"https:\/\/pawme.mx\/es\/wp-json\/wp\/v2\/media?parent=2937"}],"wp:term":[{"taxonomy":"product_brand","embeddable":true,"href":"https:\/\/pawme.mx\/es\/wp-json\/wp\/v2\/product_brand?post=2937"},{"taxonomy":"product_cat","embeddable":true,"href":"https:\/\/pawme.mx\/es\/wp-json\/wp\/v2\/product_cat?post=2937"},{"taxonomy":"product_tag","embeddable":true,"href":"https:\/\/pawme.mx\/es\/wp-json\/wp\/v2\/product_tag?post=2937"}],"curies":[{"name":"wp","href":"https:\/\/api.w.org\/{rel}","templated":true}]}}