{"id":2692,"date":"2023-05-09T16:17:21","date_gmt":"2023-05-09T16:17:21","guid":{"rendered":"https:\/\/pawme.mx\/?post_type=product&#038;p=2692"},"modified":"2025-01-29T21:36:30","modified_gmt":"2025-01-29T21:36:30","slug":"membresia-media","status":"publish","type":"product","link":"https:\/\/pawme.mx\/es\/producto\/membresia-media\/","title":{"rendered":"Membres\u00eda Bienestar Mensual"},"content":{"rendered":"<h2 class=\"fusion-responsive-typography-calculated\" data-fontsize=\"26\" data-lineheight=\"31.2px\">Explicaci\u00f3n de la Membres\u00eda Media<\/h2>\n<p>Pellentesque in ipsum id orci porta dapibus. Sed porttitor lectus nibh. Vestibulum ante ipsum primis in faucibus orci luctus et ultrices posuere cubilia Curae; Donec velit neque, auctor sit amet aliquam vel, ullamcorper sit amet ligula.<\/p>","protected":false},"excerpt":{"rendered":"<p>12.5% en alimentos<br \/>\n10 % en toda la tienda<br \/>\nEnvios automaticos y gratuitos<br \/>\nCalendario de vacunaci\u00f3n<br \/>\n2 Revisiones general para tu mascota<br \/>\nDescuento del 25% en limpieza dental.<br \/>\nProtecci\u00f3n Medica por ____<br \/>\nProtecci\u00f3n Funeraria<\/p>","protected":false},"featured_media":2694,"comment_status":"open","ping_status":"closed","template":"","meta":[],"product_brand":[],"product_cat":[43],"product_tag":[],"class_list":{"0":"post-2692","1":"product","2":"type-product","3":"status-publish","4":"has-post-thumbnail","6":"product_cat-membresia-wellness","8":"first","9":"instock","10":"virtual","11":"purchasable","12":"product-type-subscription"},"yoast_head":"<!-- This site is optimized with the Yoast SEO plugin v27.4 - https:\/\/yoast.com\/product\/yoast-seo-wordpress\/ -->\n<title>Membres\u00eda Wellness Mensual - PawMe<\/title>\n<meta name=\"robots\" content=\"index, follow, max-snippet:-1, max-image-preview:large, max-video-preview:-1\" \/>\n<link rel=\"canonical\" href=\"https:\/\/pawme.mx\/es\/producto\/membresia-media\/\" \/>\n<meta property=\"og:locale\" content=\"es_ES\" \/>\n<meta property=\"og:type\" content=\"article\" \/>\n<meta property=\"og:title\" content=\"Membres\u00eda Wellness Mensual - PawMe\" \/>\n<meta property=\"og:description\" content=\"12.5% en alimentos 10 % en toda la tienda Envios automaticos y gratuitos Calendario de vacunaci\u00f3n 2 Revisiones general para tu mascota Descuento del 25% en limpieza dental. Protecci\u00f3n Medica por ____ Protecci\u00f3n Funeraria\" \/>\n<meta property=\"og:url\" content=\"https:\/\/pawme.mx\/es\/producto\/membresia-media\/\" \/>\n<meta property=\"og:site_name\" content=\"PawMe\" \/>\n<meta property=\"article:modified_time\" content=\"2025-01-29T21:36:30+00:00\" \/>\n<meta property=\"og:image\" content=\"https:\/\/pawme.mx\/wp-content\/uploads\/sites\/104\/2023\/05\/mem02.jpg\" \/>\n\t<meta property=\"og:image:width\" content=\"1200\" \/>\n\t<meta property=\"og:image:height\" content=\"1200\" \/>\n\t<meta property=\"og:image:type\" content=\"image\/jpeg\" \/>\n<meta name=\"twitter:card\" content=\"summary_large_image\" \/>\n<meta name=\"twitter:label1\" content=\"Tiempo de lectura\" \/>\n\t<meta name=\"twitter:data1\" content=\"1 minuto\" \/>\n<script type=\"application\/ld+json\" class=\"yoast-schema-graph\">{\"@context\":\"https:\\\/\\\/schema.org\",\"@graph\":[{\"@type\":\"WebPage\",\"@id\":\"https:\\\/\\\/pawme.mx\\\/product\\\/membresia-media\\\/\",\"url\":\"https:\\\/\\\/pawme.mx\\\/product\\\/membresia-media\\\/\",\"name\":\"Membres\u00eda Wellness Mensual - PawMe\",\"isPartOf\":{\"@id\":\"https:\\\/\\\/pawme.mx\\\/#website\"},\"primaryImageOfPage\":{\"@id\":\"https:\\\/\\\/pawme.mx\\\/product\\\/membresia-media\\\/#primaryimage\"},\"image\":{\"@id\":\"https:\\\/\\\/pawme.mx\\\/product\\\/membresia-media\\\/#primaryimage\"},\"thumbnailUrl\":\"https:\\\/\\\/pawme.mx\\\/wp-content\\\/uploads\\\/sites\\\/104\\\/2023\\\/05\\\/mem02.jpg\",\"datePublished\":\"2023-05-09T16:17:21+00:00\",\"dateModified\":\"2025-01-29T21:36:30+00:00\",\"breadcrumb\":{\"@id\":\"https:\\\/\\\/pawme.mx\\\/product\\\/membresia-media\\\/#breadcrumb\"},\"inLanguage\":\"es\",\"potentialAction\":[{\"@type\":\"ReadAction\",\"target\":[\"https:\\\/\\\/pawme.mx\\\/product\\\/membresia-media\\\/\"]}]},{\"@type\":\"ImageObject\",\"inLanguage\":\"es\",\"@id\":\"https:\\\/\\\/pawme.mx\\\/product\\\/membresia-media\\\/#primaryimage\",\"url\":\"https:\\\/\\\/pawme.mx\\\/wp-content\\\/uploads\\\/sites\\\/104\\\/2023\\\/05\\\/mem02.jpg\",\"contentUrl\":\"https:\\\/\\\/pawme.mx\\\/wp-content\\\/uploads\\\/sites\\\/104\\\/2023\\\/05\\\/mem02.jpg\",\"width\":1200,\"height\":1200},{\"@type\":\"BreadcrumbList\",\"@id\":\"https:\\\/\\\/pawme.mx\\\/product\\\/membresia-media\\\/#breadcrumb\",\"itemListElement\":[{\"@type\":\"ListItem\",\"position\":1,\"name\":\"Home\",\"item\":\"https:\\\/\\\/pawme.mx\\\/\"},{\"@type\":\"ListItem\",\"position\":2,\"name\":\"Tienda\",\"item\":\"https:\\\/\\\/pawme.mx\\\/tienda\\\/\"},{\"@type\":\"ListItem\",\"position\":3,\"name\":\"Membres\u00eda Wellness Mensual\"}]},{\"@type\":\"WebSite\",\"@id\":\"https:\\\/\\\/pawme.mx\\\/#website\",\"url\":\"https:\\\/\\\/pawme.mx\\\/\",\"name\":\"PawMe\",\"description\":\"Simplificando el cuidado de las mascotas\",\"potentialAction\":[{\"@type\":\"SearchAction\",\"target\":{\"@type\":\"EntryPoint\",\"urlTemplate\":\"https:\\\/\\\/pawme.mx\\\/?s={search_term_string}\"},\"query-input\":{\"@type\":\"PropertyValueSpecification\",\"valueRequired\":true,\"valueName\":\"search_term_string\"}}],\"inLanguage\":\"es\"}]}<\/script>\n<!-- \/ Yoast SEO plugin. -->","yoast_head_json":{"title":"Membres\u00eda Wellness Mensual - PawMe","robots":{"index":"index","follow":"follow","max-snippet":"max-snippet:-1","max-image-preview":"max-image-preview:large","max-video-preview":"max-video-preview:-1"},"canonical":"https:\/\/pawme.mx\/es\/producto\/membresia-media\/","og_locale":"es_ES","og_type":"article","og_title":"Membres\u00eda Wellness Mensual - PawMe","og_description":"12.5% en alimentos 10 % en toda la tienda Envios automaticos y gratuitos Calendario de vacunaci\u00f3n 2 Revisiones general para tu mascota Descuento del 25% en limpieza dental. Protecci\u00f3n Medica por ____ Protecci\u00f3n Funeraria","og_url":"https:\/\/pawme.mx\/es\/producto\/membresia-media\/","og_site_name":"PawMe","article_modified_time":"2025-01-29T21:36:30+00:00","og_image":[{"width":1200,"height":1200,"url":"https:\/\/pawme.mx\/wp-content\/uploads\/sites\/104\/2023\/05\/mem02.jpg","type":"image\/jpeg"}],"twitter_card":"summary_large_image","twitter_misc":{"Tiempo de lectura":"1 minuto"},"schema":{"@context":"https:\/\/schema.org","@graph":[{"@type":"WebPage","@id":"https:\/\/pawme.mx\/product\/membresia-media\/","url":"https:\/\/pawme.mx\/product\/membresia-media\/","name":"Membres\u00eda Wellness Mensual - PawMe","isPartOf":{"@id":"https:\/\/pawme.mx\/#website"},"primaryImageOfPage":{"@id":"https:\/\/pawme.mx\/product\/membresia-media\/#primaryimage"},"image":{"@id":"https:\/\/pawme.mx\/product\/membresia-media\/#primaryimage"},"thumbnailUrl":"https:\/\/pawme.mx\/wp-content\/uploads\/sites\/104\/2023\/05\/mem02.jpg","datePublished":"2023-05-09T16:17:21+00:00","dateModified":"2025-01-29T21:36:30+00:00","breadcrumb":{"@id":"https:\/\/pawme.mx\/product\/membresia-media\/#breadcrumb"},"inLanguage":"es","potentialAction":[{"@type":"ReadAction","target":["https:\/\/pawme.mx\/product\/membresia-media\/"]}]},{"@type":"ImageObject","inLanguage":"es","@id":"https:\/\/pawme.mx\/product\/membresia-media\/#primaryimage","url":"https:\/\/pawme.mx\/wp-content\/uploads\/sites\/104\/2023\/05\/mem02.jpg","contentUrl":"https:\/\/pawme.mx\/wp-content\/uploads\/sites\/104\/2023\/05\/mem02.jpg","width":1200,"height":1200},{"@type":"BreadcrumbList","@id":"https:\/\/pawme.mx\/product\/membresia-media\/#breadcrumb","itemListElement":[{"@type":"ListItem","position":1,"name":"Home","item":"https:\/\/pawme.mx\/"},{"@type":"ListItem","position":2,"name":"Tienda","item":"https:\/\/pawme.mx\/tienda\/"},{"@type":"ListItem","position":3,"name":"Membres\u00eda Wellness Mensual"}]},{"@type":"WebSite","@id":"https:\/\/pawme.mx\/#website","url":"https:\/\/pawme.mx\/","name":"PawMe","description":"Simplificando el cuidado de las mascotas","potentialAction":[{"@type":"SearchAction","target":{"@type":"EntryPoint","urlTemplate":"https:\/\/pawme.mx\/?s={search_term_string}"},"query-input":{"@type":"PropertyValueSpecification","valueRequired":true,"valueName":"search_term_string"}}],"inLanguage":"es"}]}},"_links":{"self":[{"href":"https:\/\/pawme.mx\/es\/wp-json\/wp\/v2\/product\/2692","targetHints":{"allow":["GET"]}}],"collection":[{"href":"https:\/\/pawme.mx\/es\/wp-json\/wp\/v2\/product"}],"about":[{"href":"https:\/\/pawme.mx\/es\/wp-json\/wp\/v2\/types\/product"}],"replies":[{"embeddable":true,"href":"https:\/\/pawme.mx\/es\/wp-json\/wp\/v2\/comments?post=2692"}],"wp:featuredmedia":[{"embeddable":true,"href":"https:\/\/pawme.mx\/es\/wp-json\/wp\/v2\/media\/2694"}],"wp:attachment":[{"href":"https:\/\/pawme.mx\/es\/wp-json\/wp\/v2\/media?parent=2692"}],"wp:term":[{"taxonomy":"product_brand","embeddable":true,"href":"https:\/\/pawme.mx\/es\/wp-json\/wp\/v2\/product_brand?post=2692"},{"taxonomy":"product_cat","embeddable":true,"href":"https:\/\/pawme.mx\/es\/wp-json\/wp\/v2\/product_cat?post=2692"},{"taxonomy":"product_tag","embeddable":true,"href":"https:\/\/pawme.mx\/es\/wp-json\/wp\/v2\/product_tag?post=2692"}],"curies":[{"name":"wp","href":"https:\/\/api.w.org\/{rel}","templated":true}]}}